{"id":8881,"date":"2020-05-22T10:58:06","date_gmt":"2020-05-22T08:58:06","guid":{"rendered":"https:\/\/koch-specialproducts.com\/shop\/bugel-grun-fur-hd-10-lasermesskopf"},"modified":"2020-05-22T10:58:06","modified_gmt":"2020-05-22T08:58:06","slug":"bugel-grun-fur-hd-10-lasermesskopf","status":"publish","type":"product","link":"https:\/\/koch-specialproducts.com\/de\/product\/bugel-grun-fur-hd-10-lasermesskopf\/","title":{"rendered":"B\u00fcgel gr\u00fcn f\u00fcr HD-10 Lasermesskopf"},"content":{"rendered":"","protected":false},"excerpt":{"rendered":"<p>1 Stck; inklusive Montagest\u00fcck<\/p>\n","protected":false},"featured_media":5911,"template":"","meta":[],"product_cat":[185,186],"product_tag":[],"_links":{"self":[{"href":"https:\/\/koch-specialproducts.com\/de\/wp-json\/wp\/v2\/product\/8881"}],"collection":[{"href":"https:\/\/koch-specialproducts.com\/de\/wp-json\/wp\/v2\/product"}],"about":[{"href":"https:\/\/koch-specialproducts.com\/de\/wp-json\/wp\/v2\/types\/product"}],"wp:featuredmedia":[{"embeddable":true,"href":"https:\/\/koch-specialproducts.com\/de\/wp-json\/wp\/v2\/media\/5911"}],"wp:attachment":[{"href":"https:\/\/koch-specialproducts.com\/de\/wp-json\/wp\/v2\/media?parent=8881"}],"wp:term":[{"taxonomy":"product_cat","embeddable":true,"href":"https:\/\/koch-specialproducts.com\/de\/wp-json\/wp\/v2\/product_cat?post=8881"},{"taxonomy":"product_tag","embeddable":true,"href":"https:\/\/koch-specialproducts.com\/de\/wp-json\/wp\/v2\/product_tag?post=8881"}],"curies":[{"name":"wp","href":"https:\/\/api.w.org\/{rel}","templated":true}]}}