{"id":668,"date":"2018-06-01T10:40:58","date_gmt":"2018-06-01T10:40:58","guid":{"rendered":"http:\/\/koch.themewp.nl\/shop\/haynespro"},"modified":"2019-09-24T13:44:42","modified_gmt":"2019-09-24T11:44:42","slug":"haynespro","status":"publish","type":"product","link":"https:\/\/koch-specialproducts.com\/de\/product\/haynespro\/","title":{"rendered":"Plug-in HaynesPro Achsmessdaten"},"content":{"rendered":"<p>Datenverbindung mit HaynesPro zum Abrufen von Sollwerten, Abgleich von Bedingungen, Zusatzanweisungen, Bildern von Einstellpunkten etc.<\/p>\n<p>Die Daten werden \u00fcber eine Datenverbindung basierend auf dem Kennzeichen (f\u00fcr die Niederlande), der KBA-Nummer (f\u00fcr Deutschland), der Fahrgestellnummer oder durch manuelle Auswahl aus Dropdown-Men\u00fcs erfasst.<br \/>\nDie ausgew\u00e4hlten Versionen und dergleichen werden anhand des Kfz-Kennzeichens gespeichert und bei zuk\u00fcnftigen Messungen automatisch \u00fcbernommen.<\/p>\n","protected":false},"excerpt":{"rendered":"<p>Datenverbindung mit HaynesPro zum Abrufen von Sollwerten, Abgleich von Bedingungen, Zusatzanweisungen, Bildern von Einstellpunkten etc. Die Daten werden \u00fcber eine Datenverbindung basierend auf dem Kennzeichen (f\u00fcr die Niederlande), der KBA-Nummer (f\u00fcr Deutschland), der Fahrgestellnummer oder durch manuelle Auswahl aus Dropdown-Men\u00fcs erfasst. Die ausgew\u00e4hlten Versionen und dergleichen werden anhand des Kfz-Kennzeichens gespeichert und bei zuk\u00fcnftigen Messungen [&hellip;]<\/p>\n","protected":false},"featured_media":288,"template":"","meta":[],"product_cat":[52],"product_tag":[],"_links":{"self":[{"href":"https:\/\/koch-specialproducts.com\/de\/wp-json\/wp\/v2\/product\/668"}],"collection":[{"href":"https:\/\/koch-specialproducts.com\/de\/wp-json\/wp\/v2\/product"}],"about":[{"href":"https:\/\/koch-specialproducts.com\/de\/wp-json\/wp\/v2\/types\/product"}],"wp:featuredmedia":[{"embeddable":true,"href":"https:\/\/koch-specialproducts.com\/de\/wp-json\/wp\/v2\/media\/288"}],"wp:attachment":[{"href":"https:\/\/koch-specialproducts.com\/de\/wp-json\/wp\/v2\/media?parent=668"}],"wp:term":[{"taxonomy":"product_cat","embeddable":true,"href":"https:\/\/koch-specialproducts.com\/de\/wp-json\/wp\/v2\/product_cat?post=668"},{"taxonomy":"product_tag","embeddable":true,"href":"https:\/\/koch-specialproducts.com\/de\/wp-json\/wp\/v2\/product_tag?post=668"}],"curies":[{"name":"wp","href":"https:\/\/api.w.org\/{rel}","templated":true}]}}