{"id":639,"date":"2018-08-23T20:13:01","date_gmt":"2018-08-23T20:13:01","guid":{"rendered":"http:\/\/koch.themewp.nl\/shop\/spot-inductiespoel"},"modified":"2019-05-21T09:03:00","modified_gmt":"2019-05-21T09:03:00","slug":"spot-induktionsspule","status":"publish","type":"product","link":"https:\/\/koch-specialproducts.com\/de\/product\/spot-induktionsspule\/","title":{"rendered":"Spot Induktionsspule"},"content":{"rendered":"<p>Spot Heizer f\u00fcr die schnelle Nahw\u00e4rme von Metallen. Besonders geeignet f\u00fcr das von uns f\u00fcr Pkw zur Verf\u00fcgung gestellte Induktionsger\u00e4t, eignet sich aber auch f\u00fcr Induktionsger\u00e4te anderer Marken.<\/p>\n<p>Die Spotheizung eignet sich hervorragend zum Heizen von Muttern und Spurstangen, ist aber auch f\u00fcr andere Anwendungen ideal.<\/p>\n","protected":false},"excerpt":{"rendered":"<p>Diese Induktionsspule, auch Spotheizung genannt, eignet sich f\u00fcr die Nahw\u00e4rme von Metallen.<\/p>\n","protected":false},"featured_media":493,"template":"","meta":[],"product_cat":[57],"product_tag":[],"_links":{"self":[{"href":"https:\/\/koch-specialproducts.com\/de\/wp-json\/wp\/v2\/product\/639"}],"collection":[{"href":"https:\/\/koch-specialproducts.com\/de\/wp-json\/wp\/v2\/product"}],"about":[{"href":"https:\/\/koch-specialproducts.com\/de\/wp-json\/wp\/v2\/types\/product"}],"wp:featuredmedia":[{"embeddable":true,"href":"https:\/\/koch-specialproducts.com\/de\/wp-json\/wp\/v2\/media\/493"}],"wp:attachment":[{"href":"https:\/\/koch-specialproducts.com\/de\/wp-json\/wp\/v2\/media?parent=639"}],"wp:term":[{"taxonomy":"product_cat","embeddable":true,"href":"https:\/\/koch-specialproducts.com\/de\/wp-json\/wp\/v2\/product_cat?post=639"},{"taxonomy":"product_tag","embeddable":true,"href":"https:\/\/koch-specialproducts.com\/de\/wp-json\/wp\/v2\/product_tag?post=639"}],"curies":[{"name":"wp","href":"https:\/\/api.w.org\/{rel}","templated":true}]}}