{"id":3199,"date":"2019-06-19T13:21:01","date_gmt":"2019-06-19T11:21:01","guid":{"rendered":"https:\/\/www.koch-specialproducts.com\/shop\/lizenz-webanwendung"},"modified":"2020-11-12T11:45:31","modified_gmt":"2020-11-12T09:45:31","slug":"lizenz-webanwendung","status":"publish","type":"product","link":"https:\/\/koch-specialproducts.com\/de\/product\/lizenz-webanwendung\/","title":{"rendered":"Lizenz Webanwendung"},"content":{"rendered":"<p>Webanwendung f\u00fcr die Achsmessger\u00e4te von Koch Achsmessanlagen.<br \/>\nMit der Web-App ist es m\u00f6glich, Berechnungen f\u00fcr die Fahrzeugmessungen durchzuf\u00fchren, Messwerte einzugeben, online zu speichern und Berichte zu erstellen.<\/p>\n<p>Die Web-App bietet die M\u00f6glichkeit, die vom Hersteller vorgeschriebenen Achsvermessungsdaten zu verkn\u00fcpfen. Zu diesem Zweck bieten wir eine integrierte Datenverbindung mit HaynesPro an. Mit dem Kauf dieser Web-App-Lizenz erhalten Sie eine kostenlose 30-Tage-Testversion der HaynesPro-Achsmessdaten, mit der Sie diese ausgiebig testen k\u00f6nnen.<\/p>\n","protected":false},"excerpt":{"rendered":"<p>Webanwendung f\u00fcr die Achsmessger\u00e4te von Koch Achsmessanlagen. Mit der Web-App ist es m\u00f6glich, Berechnungen f\u00fcr die Fahrzeugmessungen durchzuf\u00fchren, Messwerte einzugeben, online zu speichern und Berichte zu erstellen. Die Web-App bietet die M\u00f6glichkeit, die vom Hersteller vorgeschriebenen Achsvermessungsdaten zu verkn\u00fcpfen. Zu diesem Zweck bieten wir eine integrierte Datenverbindung mit HaynesPro an. Mit dem Kauf dieser Web-App-Lizenz [&hellip;]<\/p>\n","protected":false},"featured_media":9335,"template":"","meta":[],"product_cat":[117,47],"product_tag":[],"_links":{"self":[{"href":"https:\/\/koch-specialproducts.com\/de\/wp-json\/wp\/v2\/product\/3199"}],"collection":[{"href":"https:\/\/koch-specialproducts.com\/de\/wp-json\/wp\/v2\/product"}],"about":[{"href":"https:\/\/koch-specialproducts.com\/de\/wp-json\/wp\/v2\/types\/product"}],"wp:featuredmedia":[{"embeddable":true,"href":"https:\/\/koch-specialproducts.com\/de\/wp-json\/wp\/v2\/media\/9335"}],"wp:attachment":[{"href":"https:\/\/koch-specialproducts.com\/de\/wp-json\/wp\/v2\/media?parent=3199"}],"wp:term":[{"taxonomy":"product_cat","embeddable":true,"href":"https:\/\/koch-specialproducts.com\/de\/wp-json\/wp\/v2\/product_cat?post=3199"},{"taxonomy":"product_tag","embeddable":true,"href":"https:\/\/koch-specialproducts.com\/de\/wp-json\/wp\/v2\/product_tag?post=3199"}],"curies":[{"name":"wp","href":"https:\/\/api.w.org\/{rel}","templated":true}]}}