{"id":3227,"date":"2019-07-29T10:46:06","date_gmt":"2019-07-29T08:46:06","guid":{"rendered":"https:\/\/www.koch-specialproducts.com\/?page_id=3227"},"modified":"2019-07-29T10:46:18","modified_gmt":"2019-07-29T08:46:18","slug":"ersatzteile","status":"publish","type":"page","link":"https:\/\/koch-specialproducts.com\/de\/ersatzteile\/","title":{"rendered":"Ersatzteile"},"content":{"rendered":"\n<h2 class=\"border wp-block-heading\">Ersatzteile<\/h2>\n\n\n\n<ul class=\"wp-block-gallery columns-3 is-cropped wp-block-gallery-1 is-layout-flex wp-block-gallery-is-layout-flex\"><li class=\"blocks-gallery-item\"><figure><img loading=\"lazy\" decoding=\"async\" width=\"600\" height=\"400\" src=\"https:\/\/www.koch-specialproducts.com\/wp-content\/uploads\/2018\/08\/Steering-wheel-lock-spare-part-set.png\" alt=\"\" data-id=\"487\" data-link=\"https:\/\/www.koch-specialproducts.com\/?attachment_id=487\" class=\"wp-image-487\" srcset=\"https:\/\/koch-specialproducts.com\/wp-content\/uploads\/2018\/08\/Steering-wheel-lock-spare-part-set.png 600w, https:\/\/koch-specialproducts.com\/wp-content\/uploads\/2018\/08\/Steering-wheel-lock-spare-part-set-300x200.png 300w, https:\/\/koch-specialproducts.com\/wp-content\/uploads\/2018\/08\/Steering-wheel-lock-spare-part-set-20x13.png 20w, https:\/\/koch-specialproducts.com\/wp-content\/uploads\/2018\/08\/Steering-wheel-lock-spare-part-set-416x277.png 416w\" sizes=\"(max-width: 600px) 100vw, 600px\" \/><\/figure><\/li><li class=\"blocks-gallery-item\"><figure><img loading=\"lazy\" decoding=\"async\" width=\"600\" height=\"400\" src=\"https:\/\/www.koch-specialproducts.com\/wp-content\/uploads\/2018\/08\/Locking-pin-old-inclinometer.png\" alt=\"\" data-id=\"483\" data-link=\"https:\/\/www.koch-specialproducts.com\/?attachment_id=483\" class=\"wp-image-483\" srcset=\"https:\/\/koch-specialproducts.com\/wp-content\/uploads\/2018\/08\/Locking-pin-old-inclinometer.png 600w, https:\/\/koch-specialproducts.com\/wp-content\/uploads\/2018\/08\/Locking-pin-old-inclinometer-300x200.png 300w, https:\/\/koch-specialproducts.com\/wp-content\/uploads\/2018\/08\/Locking-pin-old-inclinometer-416x277.png 416w\" sizes=\"(max-width: 600px) 100vw, 600px\" \/><\/figure><\/li><li class=\"blocks-gallery-item\"><figure><img loading=\"lazy\" decoding=\"async\" width=\"600\" height=\"400\" src=\"https:\/\/www.koch-specialproducts.com\/wp-content\/uploads\/2018\/07\/Laser_1.png\" alt=\"\" data-id=\"441\" data-link=\"https:\/\/www.koch-specialproducts.com\/?attachment_id=441\" class=\"wp-image-441\" srcset=\"https:\/\/koch-specialproducts.com\/wp-content\/uploads\/2018\/07\/Laser_1.png 600w, https:\/\/koch-specialproducts.com\/wp-content\/uploads\/2018\/07\/Laser_1-300x200.png 300w, https:\/\/koch-specialproducts.com\/wp-content\/uploads\/2018\/07\/Laser_1-20x13.png 20w, https:\/\/koch-specialproducts.com\/wp-content\/uploads\/2018\/07\/Laser_1-416x277.png 416w\" sizes=\"(max-width: 600px) 100vw, 600px\" \/><\/figure><\/li><\/ul>\n\n\n<p>\u00dcber unsere Web-App k\u00f6nnen Sie sich in den Webshop einloggen und einfach Ersatzteile wie Schrauben, Ersatzlaser oder Erg\u00e4nzungen bestellen.<\/p>\n<p>Hier finden Sie Ersatzteile f\u00fcr alle Koch Achsmessger\u00e4te<\/p>","protected":false},"excerpt":{"rendered":"<p>Ersatzteile \u00dcber unsere Web-App k\u00f6nnen Sie sich in den Webshop einloggen und einfach Ersatzteile wie Schrauben, Ersatzlaser oder Erg\u00e4nzungen bestellen. Hier finden Sie Ersatzteile f\u00fcr alle Koch Achsmessger\u00e4te<\/p>\n","protected":false},"author":10,"featured_media":0,"parent":0,"menu_order":0,"comment_status":"closed","ping_status":"closed","template":"","meta":{"footnotes":""},"_links":{"self":[{"href":"https:\/\/koch-specialproducts.com\/de\/wp-json\/wp\/v2\/pages\/3227"}],"collection":[{"href":"https:\/\/koch-specialproducts.com\/de\/wp-json\/wp\/v2\/pages"}],"about":[{"href":"https:\/\/koch-specialproducts.com\/de\/wp-json\/wp\/v2\/types\/page"}],"author":[{"embeddable":true,"href":"https:\/\/koch-specialproducts.com\/de\/wp-json\/wp\/v2\/users\/10"}],"replies":[{"embeddable":true,"href":"https:\/\/koch-specialproducts.com\/de\/wp-json\/wp\/v2\/comments?post=3227"}],"version-history":[{"count":1,"href":"https:\/\/koch-specialproducts.com\/de\/wp-json\/wp\/v2\/pages\/3227\/revisions"}],"predecessor-version":[{"id":3228,"href":"https:\/\/koch-specialproducts.com\/de\/wp-json\/wp\/v2\/pages\/3227\/revisions\/3228"}],"wp:attachment":[{"href":"https:\/\/koch-specialproducts.com\/de\/wp-json\/wp\/v2\/media?parent=3227"}],"curies":[{"name":"wp","href":"https:\/\/api.w.org\/{rel}","templated":true}]}}