{"id":3156,"date":"2019-07-20T00:17:42","date_gmt":"2019-07-19T22:17:42","guid":{"rendered":"https:\/\/www.koch-specialproducts.com\/?page_id=3156"},"modified":"2019-07-20T00:34:40","modified_gmt":"2019-07-19T22:34:40","slug":"home","status":"publish","type":"page","link":"https:\/\/koch-specialproducts.com\/de\/","title":{"rendered":"Home"},"content":{"rendered":"\n\n<div class=\"wp-block-eedee-block-gutenslide\"><div><div class=\"slide-bg\"><img loading=\"lazy\" decoding=\"async\" width=\"972\" height=\"360\" src=\"https:\/\/www.koch-specialproducts.com\/wp-content\/uploads\/2019\/07\/Webapp_Q5-4.png\" alt=\"\" class=\"wp-image-3123\" srcset=\"https:\/\/koch-specialproducts.com\/wp-content\/uploads\/2019\/07\/Webapp_Q5-4.png 972w, https:\/\/koch-specialproducts.com\/wp-content\/uploads\/2019\/07\/Webapp_Q5-4-300x111.png 300w, https:\/\/koch-specialproducts.com\/wp-content\/uploads\/2019\/07\/Webapp_Q5-4-768x284.png 768w, https:\/\/koch-specialproducts.com\/wp-content\/uploads\/2019\/07\/Webapp_Q5-4-416x154.png 416w\" sizes=\"(max-width: 972px) 100vw, 972px\" \/><\/div><div class=\"slide-content\" style=\"background:\"><\/div><\/div><\/div>\n\n\n\n<div class=\"wp-block-eedee-block-gutenslide\"><div><div class=\"slide-bg\"><img loading=\"lazy\" decoding=\"async\" width=\"972\" height=\"360\" src=\"https:\/\/www.koch-specialproducts.com\/wp-content\/uploads\/2019\/07\/settings-webapp-2.png\" alt=\"\" class=\"wp-image-3127\" srcset=\"https:\/\/koch-specialproducts.com\/wp-content\/uploads\/2019\/07\/settings-webapp-2.png 972w, https:\/\/koch-specialproducts.com\/wp-content\/uploads\/2019\/07\/settings-webapp-2-300x111.png 300w, https:\/\/koch-specialproducts.com\/wp-content\/uploads\/2019\/07\/settings-webapp-2-768x284.png 768w, https:\/\/koch-specialproducts.com\/wp-content\/uploads\/2019\/07\/settings-webapp-2-416x154.png 416w\" sizes=\"(max-width: 972px) 100vw, 972px\" \/><\/div><div class=\"slide-content\" style=\"background:\"><\/div><\/div><\/div>\n\n\n\n<div class=\"wp-block-eedee-block-gutenslide\"><div><div class=\"slide-bg\"><img loading=\"lazy\" decoding=\"async\" width=\"972\" height=\"360\" src=\"https:\/\/www.koch-specialproducts.com\/wp-content\/uploads\/2019\/07\/start-webapp.png\" alt=\"\" class=\"wp-image-3131\" srcset=\"https:\/\/koch-specialproducts.com\/wp-content\/uploads\/2019\/07\/start-webapp.png 972w, https:\/\/koch-specialproducts.com\/wp-content\/uploads\/2019\/07\/start-webapp-300x111.png 300w, https:\/\/koch-specialproducts.com\/wp-content\/uploads\/2019\/07\/start-webapp-768x284.png 768w, https:\/\/koch-specialproducts.com\/wp-content\/uploads\/2019\/07\/start-webapp-416x154.png 416w\" sizes=\"(max-width: 972px) 100vw, 972px\" \/><\/div><div class=\"slide-content\" style=\"background:\"><\/div><\/div><\/div>\n\n\n\n<p><\/p>\n\n\n\n\n<div style=\"height:39px\" aria-hidden=\"true\" class=\"wp-block-spacer\"><\/div>\n\n\n\n<div class=\"wp-block-media-text is-vertically-aligned-top\" style=\"grid-template-columns:38% auto\"><figure class=\"wp-block-media-text__media\"><img decoding=\"async\" src=\"https:\/\/www.koch-specialproducts.com\/wp-content\/uploads\/2018\/07\/Laptop-tablet_afbeelding_Koch-e1559299340848.jpg\" alt=\"\" class=\"wp-image-234\"\/><\/figure><div class=\"wp-block-media-text__content\">\n<p>Koch Special Products hat die Web-App, f\u00fcr die Eingabe von Messungen, Protokollen erstellen und die Verkn\u00fcpfung technischen Fahrzeugdaten f\u00fcr Koch Achsmessanlagen, entwickelt. Wir benutzen einer erweiterbaren und skalierbaren Plattform. <\/p>\n\n\n\n<p>Das HaynesPro Achsmess-Daten-Plugin bietet Ihnen die M\u00f6glichkeit, den  Achsmess -Prozess zu beschleunigen und gibt Ihnen mehr Informationen \u00fcber die erforderlichen  Achsmess -Werte sowie \u00fcber spezifische  Achsmess -Verfahren und Einstellpunkte.<\/p>\n<\/div><\/div>\n\n\n\n<div style=\"height:20px\" aria-hidden=\"true\" class=\"wp-block-spacer\"><\/div>\n\n\n\n<div class=\"wp-block-button alignleft is-style-default\"><a class=\"wp-block-button__link has-text-color has-very-light-gray-color has-background\" href=\"https:\/\/app.koch-specialproducts.com\/\" style=\"background-color:#4e4e4d\">Klicken um die App zu benutzen<\/a><\/div>\n\n\n\n<div class=\"wp-block-button alignright is-style-default\"><a class=\"wp-block-button__link has-text-color has-very-light-gray-color has-background\" href=\"https:\/\/app.koch-specialproducts.com\/register\" style=\"background-color:#4e4e4d\">Klicken zu registrieren<\/a><\/div>\n\n\n\n<p><\/p>\n","protected":false},"excerpt":{"rendered":"<p>Koch Special Products hat die Web-App, f\u00fcr die Eingabe von Messungen, Protokollen erstellen und die Verkn\u00fcpfung technischen Fahrzeugdaten f\u00fcr Koch Achsmessanlagen, entwickelt. Wir benutzen einer erweiterbaren und skalierbaren Plattform. Das HaynesPro Achsmess-Daten-Plugin bietet Ihnen die M\u00f6glichkeit, den Achsmess -Prozess zu beschleunigen und gibt Ihnen mehr Informationen \u00fcber die erforderlichen Achsmess -Werte sowie \u00fcber spezifische Achsmess [&hellip;]<\/p>\n","protected":false},"author":10,"featured_media":0,"parent":0,"menu_order":0,"comment_status":"closed","ping_status":"open","template":"template-fullwidth.php","meta":{"footnotes":""},"_links":{"self":[{"href":"https:\/\/koch-specialproducts.com\/de\/wp-json\/wp\/v2\/pages\/3156"}],"collection":[{"href":"https:\/\/koch-specialproducts.com\/de\/wp-json\/wp\/v2\/pages"}],"about":[{"href":"https:\/\/koch-specialproducts.com\/de\/wp-json\/wp\/v2\/types\/page"}],"author":[{"embeddable":true,"href":"https:\/\/koch-specialproducts.com\/de\/wp-json\/wp\/v2\/users\/10"}],"replies":[{"embeddable":true,"href":"https:\/\/koch-specialproducts.com\/de\/wp-json\/wp\/v2\/comments?post=3156"}],"version-history":[{"count":1,"href":"https:\/\/koch-specialproducts.com\/de\/wp-json\/wp\/v2\/pages\/3156\/revisions"}],"predecessor-version":[{"id":3157,"href":"https:\/\/koch-specialproducts.com\/de\/wp-json\/wp\/v2\/pages\/3156\/revisions\/3157"}],"wp:attachment":[{"href":"https:\/\/koch-specialproducts.com\/de\/wp-json\/wp\/v2\/media?parent=3156"}],"curies":[{"name":"wp","href":"https:\/\/api.w.org\/{rel}","templated":true}]}}