{"id":314,"date":"2018-07-31T10:47:11","date_gmt":"2018-07-31T10:47:11","guid":{"rendered":"https:\/\/koch-webshop.test123.nl\/ondersteunende-gereedschappen"},"modified":"2019-07-20T02:13:03","modified_gmt":"2019-07-20T00:13:03","slug":"unterstuetzende-werkzeuge","status":"publish","type":"page","link":"https:\/\/koch-specialproducts.com\/de\/unterstuetzende-werkzeuge\/","title":{"rendered":"Unterst\u00fctzende Werkzeuge"},"content":{"rendered":"\n<h2 class=\"border wp-block-heading\">Induktionsger\u00e4te<\/h2>\n\n\n\n<ul class=\"wp-block-gallery aligncenter columns-2 wp-block-gallery-1 is-layout-flex wp-block-gallery-is-layout-flex\"><li class=\"blocks-gallery-item\"><figure><img loading=\"lazy\" decoding=\"async\" width=\"1024\" height=\"683\" src=\"https:\/\/www.koch-specialproducts.com\/wp-content\/uploads\/2019\/05\/ohrev-s-civkou-11-Meller-inductie-600x400-1024x683.png\" alt=\"\" data-id=\"985\" data-link=\"https:\/\/www.koch-specialproducts.com\/?attachment_id=985\" class=\"wp-image-985\" srcset=\"https:\/\/koch-specialproducts.com\/wp-content\/uploads\/2019\/05\/ohrev-s-civkou-11-Meller-inductie-600x400-1024x683.png 1024w, https:\/\/koch-specialproducts.com\/wp-content\/uploads\/2019\/05\/ohrev-s-civkou-11-Meller-inductie-600x400-300x200.png 300w, https:\/\/koch-specialproducts.com\/wp-content\/uploads\/2019\/05\/ohrev-s-civkou-11-Meller-inductie-600x400-768x512.png 768w, https:\/\/koch-specialproducts.com\/wp-content\/uploads\/2019\/05\/ohrev-s-civkou-11-Meller-inductie-600x400-416x277.png 416w, https:\/\/koch-specialproducts.com\/wp-content\/uploads\/2019\/05\/ohrev-s-civkou-11-Meller-inductie-600x400.png 1800w\" sizes=\"(max-width: 1024px) 100vw, 1024px\" \/><\/figure><\/li><li class=\"blocks-gallery-item\"><figure><img loading=\"lazy\" decoding=\"async\" width=\"1024\" height=\"683\" src=\"https:\/\/www.koch-specialproducts.com\/wp-content\/uploads\/2019\/05\/inductie-LKW-vrij-600x400-1024x683.png\" alt=\"\" data-id=\"981\" data-link=\"https:\/\/www.koch-specialproducts.com\/inductie-lkw-vrij-600x400\" class=\"wp-image-981\" srcset=\"https:\/\/koch-specialproducts.com\/wp-content\/uploads\/2019\/05\/inductie-LKW-vrij-600x400-1024x683.png 1024w, https:\/\/koch-specialproducts.com\/wp-content\/uploads\/2019\/05\/inductie-LKW-vrij-600x400-300x200.png 300w, https:\/\/koch-specialproducts.com\/wp-content\/uploads\/2019\/05\/inductie-LKW-vrij-600x400-768x512.png 768w, https:\/\/koch-specialproducts.com\/wp-content\/uploads\/2019\/05\/inductie-LKW-vrij-600x400-416x277.png 416w, https:\/\/koch-specialproducts.com\/wp-content\/uploads\/2019\/05\/inductie-LKW-vrij-600x400.png 1800w\" sizes=\"(max-width: 1024px) 100vw, 1024px\" \/><\/figure><\/li><\/ul>\n\n\n<p>Wir liefern zuverl\u00e4ssige und langlebige Induktionsger\u00e4te in 2 Versionen: Pkw und Nutzfahrzeuge.<\/p>\n<p>Mit einem Induktionsger\u00e4t ist das L\u00f6sen von Muttern und Spurstangen ein Kinderspiel. Sie sparen Zeit und vermeiden die Gefahr des offenen Feuers. Informieren Sie sich \u00fcber die M\u00f6glichkeiten.<\/p>","protected":false},"excerpt":{"rendered":"<p>Induktionsger\u00e4te Wir liefern zuverl\u00e4ssige und langlebige Induktionsger\u00e4te in 2 Versionen: Pkw und Nutzfahrzeuge. Mit einem Induktionsger\u00e4t ist das L\u00f6sen von Muttern und Spurstangen ein Kinderspiel. Sie sparen Zeit und vermeiden die Gefahr des offenen Feuers. Informieren Sie sich \u00fcber die M\u00f6glichkeiten.<\/p>\n","protected":false},"author":94,"featured_media":0,"parent":0,"menu_order":0,"comment_status":"closed","ping_status":"closed","template":"","meta":{"footnotes":""},"_links":{"self":[{"href":"https:\/\/koch-specialproducts.com\/de\/wp-json\/wp\/v2\/pages\/314"}],"collection":[{"href":"https:\/\/koch-specialproducts.com\/de\/wp-json\/wp\/v2\/pages"}],"about":[{"href":"https:\/\/koch-specialproducts.com\/de\/wp-json\/wp\/v2\/types\/page"}],"author":[{"embeddable":true,"href":"https:\/\/koch-specialproducts.com\/de\/wp-json\/wp\/v2\/users\/94"}],"replies":[{"embeddable":true,"href":"https:\/\/koch-specialproducts.com\/de\/wp-json\/wp\/v2\/comments?post=314"}],"version-history":[{"count":8,"href":"https:\/\/koch-specialproducts.com\/de\/wp-json\/wp\/v2\/pages\/314\/revisions"}],"predecessor-version":[{"id":3185,"href":"https:\/\/koch-specialproducts.com\/de\/wp-json\/wp\/v2\/pages\/314\/revisions\/3185"}],"wp:attachment":[{"href":"https:\/\/koch-specialproducts.com\/de\/wp-json\/wp\/v2\/media?parent=314"}],"curies":[{"name":"wp","href":"https:\/\/api.w.org\/{rel}","templated":true}]}}