{"id":307,"date":"2018-07-30T10:01:57","date_gmt":"2018-07-30T10:01:57","guid":{"rendered":"https:\/\/koch-webshop.test123.nl\/webapplicatie"},"modified":"2022-09-06T03:16:09","modified_gmt":"2022-09-06T01:16:09","slug":"webanwendung","status":"publish","type":"page","link":"https:\/\/koch-specialproducts.com\/de\/webanwendung\/","title":{"rendered":"Webanwendung"},"content":{"rendered":"\n<h2 class=\"border wp-block-heading\">Webanwendung<\/h2>\n\n\n\n<p><\/p>\n\n\n\n<div class=\"wp-block-image\"><figure class=\"alignleft size-large is-resized\"><a href=\"https:\/\/koch-specialproducts.com\/wp-content\/uploads\/2022\/09\/Laptop-tablet-afbeelding-Koch-DE.png\"><img loading=\"lazy\" decoding=\"async\" src=\"https:\/\/koch-specialproducts.com\/wp-content\/uploads\/2022\/09\/Laptop-tablet-afbeelding-Koch-DE-1024x695.png\" alt=\"\" class=\"wp-image-9979\" width=\"299\" height=\"202\" srcset=\"https:\/\/koch-specialproducts.com\/wp-content\/uploads\/2022\/09\/Laptop-tablet-afbeelding-Koch-DE-1024x695.png 1024w, https:\/\/koch-specialproducts.com\/wp-content\/uploads\/2022\/09\/Laptop-tablet-afbeelding-Koch-DE-300x204.png 300w, https:\/\/koch-specialproducts.com\/wp-content\/uploads\/2022\/09\/Laptop-tablet-afbeelding-Koch-DE-768x521.png 768w, https:\/\/koch-specialproducts.com\/wp-content\/uploads\/2022\/09\/Laptop-tablet-afbeelding-Koch-DE-1600x1086.png 1600w, https:\/\/koch-specialproducts.com\/wp-content\/uploads\/2022\/09\/Laptop-tablet-afbeelding-Koch-DE-1536x1043.png 1536w, https:\/\/koch-specialproducts.com\/wp-content\/uploads\/2022\/09\/Laptop-tablet-afbeelding-Koch-DE-2048x1390.png 2048w, https:\/\/koch-specialproducts.com\/wp-content\/uploads\/2022\/09\/Laptop-tablet-afbeelding-Koch-DE-416x282.png 416w\" sizes=\"(max-width: 299px) 100vw, 299px\" \/><\/a><\/figure><\/div>\n\n\n\n<p> Die neue Web-basierte Software ist ein gro\u00dfer Schritt nach vorne, um Ihr Koch-Achsmessger\u00e4t noch effektiver zu nutzen. Bei der Entwicklung haben wir uns stark auf die Messprotokollm\u00f6glichkeiten und deren Management konzentriert. So ist es beispielsweise m\u00f6glich, w\u00e4hrend einer Messung eines Fahrzeugs, die f\u00fcr dieses Fahrzeug gespeicherten vorherigen Messungen zu \u00fcberpr\u00fcfen. Wir haben auch die M\u00f6glichkeit geschaffen, zun\u00e4chst eine Fahrzeugvermessung durchzuf\u00fchren, diese zu speichern und sp\u00e4ter wieder zu \u00f6ffnen, um das Fahrzeug nach einer Reparatur oder Schadensreparatur korrekt einzustellen und so ein einziges Protokoll mit beiden Messungen zu erstellen. <\/p>\n\n\n\n<p>F\u00fcr Pkw ist es m\u00f6glich, eine Datenverbindung zu aktivieren, mit der wir auf HaynesPro verlinken k\u00f6nnen, sodass wir Zugang zu den korrekten Einstelldaten und in vielen F\u00e4llen zu Einstellverfahren haben.<\/p>\n\n\n<p>Wir sehen diese Software als eine Plattform, die wir in naher Zukunft weiter ausbauen werden. Dies k\u00f6nnen z.B. zus\u00e4tzliche Module, umfangreiche Anleitungen, oder z.B. E-Learning sein.<\/p>\n<p>Einige Funktionen:<\/p>\n<ul>\n<li>Geeignet f\u00fcr Laptop, Tablet, Telefon und Notebooks.<\/li>\n<li>Mit Kennzeichenerkennung f\u00fcr die Niederlande zur schnellen Fahrzeugauswahl.<\/li>\n<li>Speichern von Messprotokollen in der Online-Datenbank.<\/li>\n<li>F\u00fchren Sie eine &#8220;Vorher&#8221;- und &#8220;Nachher&#8221;-Messung f\u00fcr ein vollst\u00e4ndiges Messprotokoll durch.<\/li>\n<li>Geben Sie die erforderlichen Werte ein und speichern Sie sie.<\/li>\n<li>Erweiterbar mit einer Datenverkn\u00fcpfung zu HaynesPro Achsvermessungsdaten, so dass Sollwerte automatisch in das Messformular aufgenommen werden.<\/li>\n<li>Einfache Umrechnung der Spur in mm auf Minuten.<\/li>\n<li>Einfache Kompensation des gemessenen Nachlaufwertes bei Messungen nur mit vorderen Drehplatten.<\/li>\n<li>Einfache Ausrichtung in der Fahrachslinie, mit automatischem Ausgleich von Hinterachse Fehlausrichtung.<\/li>\n<li>Die Web-App ist ein einmaliger Kauf, wird aber st\u00e4ndig auf dem neuesten Stand gehalten.<\/li>\n<\/ul>\n<p>Einmalige Kosten:&nbsp;<strong>\u20ac 250,-<\/strong> exkl. MwSt. <\/p>\n<p>Zu bestellen \u00fcber die Vertretung in Ihrem Land oder durch Online-Registrierung.<\/p>","protected":false},"excerpt":{"rendered":"<p>Webanwendung Die neue Web-basierte Software ist ein gro\u00dfer Schritt nach vorne, um Ihr Koch-Achsmessger\u00e4t noch effektiver zu nutzen. Bei der Entwicklung haben wir uns stark auf die Messprotokollm\u00f6glichkeiten und deren Management konzentriert. So ist es beispielsweise m\u00f6glich, w\u00e4hrend einer Messung eines Fahrzeugs, die f\u00fcr dieses Fahrzeug gespeicherten vorherigen Messungen zu \u00fcberpr\u00fcfen. Wir haben auch die [&hellip;]<\/p>\n","protected":false},"author":94,"featured_media":0,"parent":0,"menu_order":0,"comment_status":"closed","ping_status":"closed","template":"","meta":{"footnotes":""},"_links":{"self":[{"href":"https:\/\/koch-specialproducts.com\/de\/wp-json\/wp\/v2\/pages\/307"}],"collection":[{"href":"https:\/\/koch-specialproducts.com\/de\/wp-json\/wp\/v2\/pages"}],"about":[{"href":"https:\/\/koch-specialproducts.com\/de\/wp-json\/wp\/v2\/types\/page"}],"author":[{"embeddable":true,"href":"https:\/\/koch-specialproducts.com\/de\/wp-json\/wp\/v2\/users\/94"}],"replies":[{"embeddable":true,"href":"https:\/\/koch-specialproducts.com\/de\/wp-json\/wp\/v2\/comments?post=307"}],"version-history":[{"count":12,"href":"https:\/\/koch-specialproducts.com\/de\/wp-json\/wp\/v2\/pages\/307\/revisions"}],"predecessor-version":[{"id":9982,"href":"https:\/\/koch-specialproducts.com\/de\/wp-json\/wp\/v2\/pages\/307\/revisions\/9982"}],"wp:attachment":[{"href":"https:\/\/koch-specialproducts.com\/de\/wp-json\/wp\/v2\/media?parent=307"}],"curies":[{"name":"wp","href":"https:\/\/api.w.org\/{rel}","templated":true}]}}