{"id":185,"date":"2018-07-30T08:54:48","date_gmt":"2018-07-30T08:54:48","guid":{"rendered":"https:\/\/koch-webshop.test123.nl\/?page_id=185"},"modified":"2019-07-20T01:19:20","modified_gmt":"2019-07-19T23:19:20","slug":"ueber-uns","status":"publish","type":"page","link":"https:\/\/koch-specialproducts.com\/de\/ueber-uns\/","title":{"rendered":"\u00dcber uns"},"content":{"rendered":"\n<h2 class=\"border wp-block-heading\">\u00dcber uns<\/h2>\n\n\n\n<p>Koch Special Products BV entwickelt und liefert Produkte und Dienstleistungen, um die Produkte der deutschen Firma Koch Achsmessanlagen zu unterst\u00fctzen. Unter dem Namen Koch Wieluitlijning sind wir verantwortlich f\u00fcr den Verkauf in den Niederlanden von Ausr\u00fcstung von Koch Achsmessanlagen; f\u00fcr mehr Informationen besuchen Sie die Website <a href=\"http:\/\/www.koch-wieluitlijning.nl\">&nbsp;www.koch-wieluitlijning.nl<\/a>.<\/p>\n\n\n\n<p>Koch Achsmessanlagen fertigt seit 1952 Achsmessger\u00e4te f\u00fcr PKW, LKW, Anh\u00e4nger und landwirtschaftliche Fahrzeuge. Die Koch-Produkte zeichnen sich durch ihre Einfachheit, Zuverl\u00e4ssigkeit, Genauigkeit und Langlebigkeit aus. Sie haben eine kurze Amortisierung und eignen sich f\u00fcr die modernsten Fahrzeuge.<\/p>\n\n\n<p><\/p>\n\n\n<ul class=\"wp-block-gallery columns-3 is-cropped wp-block-gallery-1 is-layout-flex wp-block-gallery-is-layout-flex\"><li class=\"blocks-gallery-item\"><figure><img loading=\"lazy\" decoding=\"async\" width=\"600\" height=\"400\" src=\"https:\/\/www.koch-specialproducts.com\/wp-content\/uploads\/2019\/05\/9031-HD-1500-met-grijze-achtergrond-600x400.png\" alt=\"\" data-id=\"973\" data-link=\"https:\/\/www.koch-specialproducts.com\/9031-hd-1500-met-grijze-achtergrond-600x400\" class=\"wp-image-973\" srcset=\"https:\/\/koch-specialproducts.com\/wp-content\/uploads\/2019\/05\/9031-HD-1500-met-grijze-achtergrond-600x400.png 600w, https:\/\/koch-specialproducts.com\/wp-content\/uploads\/2019\/05\/9031-HD-1500-met-grijze-achtergrond-600x400-300x200.png 300w, https:\/\/koch-specialproducts.com\/wp-content\/uploads\/2019\/05\/9031-HD-1500-met-grijze-achtergrond-600x400-416x277.png 416w\" sizes=\"(max-width: 600px) 100vw, 600px\" \/><\/figure><\/li><li class=\"blocks-gallery-item\"><figure><img loading=\"lazy\" decoding=\"async\" width=\"600\" height=\"400\" src=\"https:\/\/www.koch-specialproducts.com\/wp-content\/uploads\/2019\/06\/9025-HD-30-Plus-met-grijze-achtergrond-600x400.png\" alt=\"\" data-id=\"1686\" data-link=\"https:\/\/www.koch-specialproducts.com\/9025-hd-30-plus-met-grijze-achtergrond-600x400-2\" class=\"wp-image-1686\" srcset=\"https:\/\/koch-specialproducts.com\/wp-content\/uploads\/2019\/06\/9025-HD-30-Plus-met-grijze-achtergrond-600x400.png 600w, https:\/\/koch-specialproducts.com\/wp-content\/uploads\/2019\/06\/9025-HD-30-Plus-met-grijze-achtergrond-600x400-300x200.png 300w, https:\/\/koch-specialproducts.com\/wp-content\/uploads\/2019\/06\/9025-HD-30-Plus-met-grijze-achtergrond-600x400-416x277.png 416w\" sizes=\"(max-width: 600px) 100vw, 600px\" \/><\/figure><\/li><li class=\"blocks-gallery-item\"><figure><img loading=\"lazy\" decoding=\"async\" width=\"600\" height=\"400\" src=\"https:\/\/www.koch-specialproducts.com\/wp-content\/uploads\/2018\/09\/HD-30-LM.png\" alt=\"\" data-id=\"618\" data-link=\"https:\/\/www.koch-specialproducts.com\/hd-30-lm\" class=\"wp-image-618\" srcset=\"https:\/\/koch-specialproducts.com\/wp-content\/uploads\/2018\/09\/HD-30-LM.png 600w, https:\/\/koch-specialproducts.com\/wp-content\/uploads\/2018\/09\/HD-30-LM-300x200.png 300w, https:\/\/koch-specialproducts.com\/wp-content\/uploads\/2018\/09\/HD-30-LM-416x277.png 416w\" sizes=\"(max-width: 600px) 100vw, 600px\" \/><\/figure><\/li><\/ul>\n","protected":false},"excerpt":{"rendered":"<p>\u00dcber uns Koch Special Products BV entwickelt und liefert Produkte und Dienstleistungen, um die Produkte der deutschen Firma Koch Achsmessanlagen zu unterst\u00fctzen. Unter dem Namen Koch Wieluitlijning sind wir verantwortlich f\u00fcr den Verkauf in den Niederlanden von Ausr\u00fcstung von Koch Achsmessanlagen; f\u00fcr mehr Informationen besuchen Sie die Website &nbsp;www.koch-wieluitlijning.nl. Koch Achsmessanlagen fertigt seit 1952 Achsmessger\u00e4te [&hellip;]<\/p>\n","protected":false},"author":94,"featured_media":0,"parent":0,"menu_order":0,"comment_status":"closed","ping_status":"closed","template":"","meta":{"footnotes":""},"_links":{"self":[{"href":"https:\/\/koch-specialproducts.com\/de\/wp-json\/wp\/v2\/pages\/185"}],"collection":[{"href":"https:\/\/koch-specialproducts.com\/de\/wp-json\/wp\/v2\/pages"}],"about":[{"href":"https:\/\/koch-specialproducts.com\/de\/wp-json\/wp\/v2\/types\/page"}],"author":[{"embeddable":true,"href":"https:\/\/koch-specialproducts.com\/de\/wp-json\/wp\/v2\/users\/94"}],"replies":[{"embeddable":true,"href":"https:\/\/koch-specialproducts.com\/de\/wp-json\/wp\/v2\/comments?post=185"}],"version-history":[{"count":8,"href":"https:\/\/koch-specialproducts.com\/de\/wp-json\/wp\/v2\/pages\/185\/revisions"}],"predecessor-version":[{"id":3167,"href":"https:\/\/koch-specialproducts.com\/de\/wp-json\/wp\/v2\/pages\/185\/revisions\/3167"}],"wp:attachment":[{"href":"https:\/\/koch-specialproducts.com\/de\/wp-json\/wp\/v2\/media?parent=185"}],"curies":[{"name":"wp","href":"https:\/\/api.w.org\/{rel}","templated":true}]}}